{"id":10808,"date":"2020-05-06T09:49:03","date_gmt":"2020-05-06T07:49:03","guid":{"rendered":"http:\/\/km0.energy\/nova\/serveis-empreses\/"},"modified":"2023-07-19T10:57:17","modified_gmt":"2023-07-19T08:57:17","slug":"serveis-empreses","status":"publish","type":"page","link":"https:\/\/km0.energy\/es\/serveis-empreses\/","title":{"rendered":"Servicios empresas"},"content":{"rendered":"\r\n<div class=\"oportunitat\">\r\n\n<div class=\"wpcf7 no-js\" id=\"wpcf7-f5-o1\" lang=\"ca\" dir=\"ltr\" data-wpcf7-id=\"5\">\n<div class=\"screen-reader-response\"><p role=\"status\" aria-live=\"polite\" aria-atomic=\"true\"><\/p> <ul><\/ul><\/div>\n<form action=\"\/es\/wp-json\/wp\/v2\/pages\/10808#wpcf7-f5-o1\" method=\"post\" class=\"wpcf7-form init\" aria-label=\"Formulari de contacte\" novalidate=\"novalidate\" data-status=\"init\">\n<fieldset class=\"hidden-fields-container\"><input type=\"hidden\" name=\"_wpcf7\" value=\"5\" \/><input type=\"hidden\" name=\"_wpcf7_version\" value=\"6.1.5\" \/><input type=\"hidden\" name=\"_wpcf7_locale\" value=\"ca\" \/><input type=\"hidden\" name=\"_wpcf7_unit_tag\" value=\"wpcf7-f5-o1\" \/><input type=\"hidden\" name=\"_wpcf7_container_post\" value=\"0\" \/><input type=\"hidden\" name=\"_wpcf7_posted_data_hash\" value=\"\" \/>\n<\/fieldset>\n<div class=\"row row-cols-1 row-cols-md-2\">\n\t<div class=\"col \">\n\t\t<p><span class=\"wpcf7-form-control-wrap\" data-name=\"nom\"><input size=\"40\" maxlength=\"400\" class=\"wpcf7-form-control wpcf7-text wpcf7-validates-as-required medium-input bg-white margin-25px-bottom\" aria-required=\"true\" aria-invalid=\"false\" placeholder=\"Nom\" value=\"\" type=\"text\" name=\"nom\" \/><\/span><br \/>\n<span class=\"wpcf7-form-control-wrap\" data-name=\"telefon\"><input size=\"40\" maxlength=\"400\" class=\"wpcf7-form-control wpcf7-tel wpcf7-validates-as-required wpcf7-text wpcf7-validates-as-tel medium-input bg-white margin-25px-bottom\" aria-required=\"true\" aria-invalid=\"false\" placeholder=\"Tel\u00e8fon\" value=\"\" type=\"tel\" name=\"telefon\" \/><\/span><br \/>\n<span class=\"wpcf7-form-control-wrap\" data-name=\"your-email\"><input size=\"40\" maxlength=\"400\" class=\"wpcf7-form-control wpcf7-email wpcf7-validates-as-required wpcf7-text wpcf7-validates-as-email medium-input bg-white margin-25px-bottom\" aria-required=\"true\" aria-invalid=\"false\" placeholder=\"E-mail\" value=\"\" type=\"email\" name=\"your-email\" \/><\/span>\n\t\t<\/p>\n\t<\/div>\n\t<div class=\"col \">\n\t\t<p><span class=\"wpcf7-form-control-wrap\" data-name=\"your-message\"><textarea cols=\"40\" rows=\"10\" maxlength=\"2000\" class=\"wpcf7-form-control wpcf7-textarea wpcf7-validates-as-required medium-input bg-white margin-25px-bottom h-200px\" aria-required=\"true\" aria-invalid=\"false\" placeholder=\"El teu missatge\" name=\"your-message\"><\/textarea><\/span>\n\t\t<\/p>\n\t<\/div>\n\t<div class=\"col text-start sm-margin-30px-bottom\">\n\t\t<p><span class=\"wpcf7-form-control-wrap\" data-name=\"acceptance-517\"><span class=\"wpcf7-form-control wpcf7-acceptance\"><span class=\"wpcf7-list-item\"><label><input type=\"checkbox\" name=\"acceptance-517\" value=\"1\" class=\"form-check-input privacitat\" aria-invalid=\"false\" \/><span class=\"wpcf7-list-item-label\"><span class=\"text-white text-small\">He llegit i accepto la <a href=\"http:\/\/km0.energy\/politica-de-privacitat\" target=\"blank\">Pol\u00edtica de Privacitat<\/a>. Accepto rebre informaci\u00f3 comercial, publicit\u00e0ria i not\u00edcies de KM0 Energy via correu electr\u00f2nic o mitj\u00e0 equivalent.<\/span><\/span><\/label><\/span><\/span><\/span><br \/>\n\t\t<div class=\"wpcf7-turnstile cf-turnstile\" data-sitekey=\"0x4AAAAAACtVityQPCQyJv64\" data-response-field-name=\"_wpcf7_turnstile_response\"><\/div>\n\t\t<\/p>\n\t<\/div>\n\t<div class=\"col text-center text-md-end\">\n\t\t<p><input class=\"wpcf7-form-control wpcf7-submit has-spinner btn btn-large btn-transparent-dark-gray d-table d-lg-inline-block lg-margin-15px-bottom md-margin-auto-lr\" type=\"submit\" value=\"Enviar missatge\" \/>\n\t\t<\/p>\n\t<\/div>\n<\/div><p style=\"display: none !important;\" class=\"akismet-fields-container\" data-prefix=\"_wpcf7_ak_\"><label>&#916;<textarea name=\"_wpcf7_ak_hp_textarea\" cols=\"45\" rows=\"8\" maxlength=\"100\"><\/textarea><\/label><input type=\"hidden\" id=\"ak_js_1\" name=\"_wpcf7_ak_js\" value=\"158\"\/><script>document.getElementById( \"ak_js_1\" ).setAttribute( \"value\", ( new Date() ).getTime() );<\/script><\/p><div class=\"wpcf7-response-output\" aria-hidden=\"true\"><\/div>\n<\/form>\n<\/div>\n\r\n<\/div>\r\n","protected":false},"excerpt":{"rendered":"","protected":false},"author":1,"featured_media":0,"parent":0,"menu_order":0,"comment_status":"closed","ping_status":"closed","template":"page-serveis-empresa.php","meta":{"_acf_changed":false,"footnotes":""},"class_list":["post-10808","page","type-page","status-publish","hentry"],"acf":[],"yoast_head":"<!-- This site is optimized with the Yoast SEO plugin v27.3 - https:\/\/yoast.com\/product\/yoast-seo-wordpress\/ -->\n<title>Reducci\u00f3 d&#039;emissions i costos energ\u00e8tics per a empreses - Km0 Energy<\/title>\n<meta name=\"description\" content=\"Vols reduir les teves emissions de CO\u2082 i disminuir els costos energ\u00e8tics de les teves instal\u00b7lacions? T&#039;acompanyem en el proc\u00e9s de descarbonitzaci\u00f3 de la teva empresa.\" \/>\n<meta name=\"robots\" content=\"index, follow, max-snippet:-1, max-image-preview:large, max-video-preview:-1\" \/>\n<link rel=\"canonical\" href=\"https:\/\/km0.energy\/es\/serveis-empreses\/\" \/>\n<meta property=\"og:locale\" content=\"es_ES\" \/>\n<meta property=\"og:type\" content=\"article\" \/>\n<meta property=\"og:title\" content=\"Reducci\u00f3 d&#039;emissions i costos energ\u00e8tics per a empreses - Km0 Energy\" \/>\n<meta property=\"og:description\" content=\"Vols reduir les teves emissions de CO\u2082 i disminuir els costos energ\u00e8tics de les teves instal\u00b7lacions? T&#039;acompanyem en el proc\u00e9s de descarbonitzaci\u00f3 de la teva empresa.\" \/>\n<meta property=\"og:url\" content=\"https:\/\/km0.energy\/es\/serveis-empreses\/\" \/>\n<meta property=\"og:site_name\" content=\"Km0 Energy\" \/>\n<meta property=\"article:modified_time\" content=\"2023-07-19T08:57:17+00:00\" \/>\n<meta name=\"twitter:card\" content=\"summary_large_image\" \/>\n<script type=\"application\/ld+json\" class=\"yoast-schema-graph\">{\"@context\":\"https:\\\/\\\/schema.org\",\"@graph\":[{\"@type\":\"WebPage\",\"@id\":\"https:\\\/\\\/km0.energy\\\/es\\\/serveis-empreses\\\/\",\"url\":\"https:\\\/\\\/km0.energy\\\/es\\\/serveis-empreses\\\/\",\"name\":\"Reducci\u00f3 d'emissions i costos energ\u00e8tics per a empreses - Km0 Energy\",\"isPartOf\":{\"@id\":\"https:\\\/\\\/lightyellow-raccoon-590696.hostingersite.com\\\/#website\"},\"datePublished\":\"2020-05-06T07:49:03+00:00\",\"dateModified\":\"2023-07-19T08:57:17+00:00\",\"description\":\"Vols reduir les teves emissions de CO\u2082 i disminuir els costos energ\u00e8tics de les teves instal\u00b7lacions? T'acompanyem en el proc\u00e9s de descarbonitzaci\u00f3 de la teva empresa.\",\"breadcrumb\":{\"@id\":\"https:\\\/\\\/km0.energy\\\/es\\\/serveis-empreses\\\/#breadcrumb\"},\"inLanguage\":\"es\",\"potentialAction\":[{\"@type\":\"ReadAction\",\"target\":[\"https:\\\/\\\/km0.energy\\\/es\\\/serveis-empreses\\\/\"]}]},{\"@type\":\"BreadcrumbList\",\"@id\":\"https:\\\/\\\/km0.energy\\\/es\\\/serveis-empreses\\\/#breadcrumb\",\"itemListElement\":[{\"@type\":\"ListItem\",\"position\":1,\"name\":\"Inici\",\"item\":\"https:\\\/\\\/km0.energy\\\/es\\\/home\\\/\"},{\"@type\":\"ListItem\",\"position\":2,\"name\":\"Servicios empresas\"}]},{\"@type\":\"WebSite\",\"@id\":\"https:\\\/\\\/lightyellow-raccoon-590696.hostingersite.com\\\/#website\",\"url\":\"https:\\\/\\\/lightyellow-raccoon-590696.hostingersite.com\\\/\",\"name\":\"Km0 Energy\",\"description\":\"Promotor energ\u00e8tic de proximitat\",\"potentialAction\":[{\"@type\":\"SearchAction\",\"target\":{\"@type\":\"EntryPoint\",\"urlTemplate\":\"https:\\\/\\\/lightyellow-raccoon-590696.hostingersite.com\\\/?s={search_term_string}\"},\"query-input\":{\"@type\":\"PropertyValueSpecification\",\"valueRequired\":true,\"valueName\":\"search_term_string\"}}],\"inLanguage\":\"es\"}]}<\/script>\n<!-- \/ Yoast SEO plugin. -->","yoast_head_json":{"title":"Reducci\u00f3 d'emissions i costos energ\u00e8tics per a empreses - Km0 Energy","description":"Vols reduir les teves emissions de CO\u2082 i disminuir els costos energ\u00e8tics de les teves instal\u00b7lacions? T'acompanyem en el proc\u00e9s de descarbonitzaci\u00f3 de la teva empresa.","robots":{"index":"index","follow":"follow","max-snippet":"max-snippet:-1","max-image-preview":"max-image-preview:large","max-video-preview":"max-video-preview:-1"},"canonical":"https:\/\/km0.energy\/es\/serveis-empreses\/","og_locale":"es_ES","og_type":"article","og_title":"Reducci\u00f3 d'emissions i costos energ\u00e8tics per a empreses - Km0 Energy","og_description":"Vols reduir les teves emissions de CO\u2082 i disminuir els costos energ\u00e8tics de les teves instal\u00b7lacions? T'acompanyem en el proc\u00e9s de descarbonitzaci\u00f3 de la teva empresa.","og_url":"https:\/\/km0.energy\/es\/serveis-empreses\/","og_site_name":"Km0 Energy","article_modified_time":"2023-07-19T08:57:17+00:00","twitter_card":"summary_large_image","schema":{"@context":"https:\/\/schema.org","@graph":[{"@type":"WebPage","@id":"https:\/\/km0.energy\/es\/serveis-empreses\/","url":"https:\/\/km0.energy\/es\/serveis-empreses\/","name":"Reducci\u00f3 d'emissions i costos energ\u00e8tics per a empreses - Km0 Energy","isPartOf":{"@id":"https:\/\/lightyellow-raccoon-590696.hostingersite.com\/#website"},"datePublished":"2020-05-06T07:49:03+00:00","dateModified":"2023-07-19T08:57:17+00:00","description":"Vols reduir les teves emissions de CO\u2082 i disminuir els costos energ\u00e8tics de les teves instal\u00b7lacions? T'acompanyem en el proc\u00e9s de descarbonitzaci\u00f3 de la teva empresa.","breadcrumb":{"@id":"https:\/\/km0.energy\/es\/serveis-empreses\/#breadcrumb"},"inLanguage":"es","potentialAction":[{"@type":"ReadAction","target":["https:\/\/km0.energy\/es\/serveis-empreses\/"]}]},{"@type":"BreadcrumbList","@id":"https:\/\/km0.energy\/es\/serveis-empreses\/#breadcrumb","itemListElement":[{"@type":"ListItem","position":1,"name":"Inici","item":"https:\/\/km0.energy\/es\/home\/"},{"@type":"ListItem","position":2,"name":"Servicios empresas"}]},{"@type":"WebSite","@id":"https:\/\/lightyellow-raccoon-590696.hostingersite.com\/#website","url":"https:\/\/lightyellow-raccoon-590696.hostingersite.com\/","name":"Km0 Energy","description":"Promotor energ\u00e8tic de proximitat","potentialAction":[{"@type":"SearchAction","target":{"@type":"EntryPoint","urlTemplate":"https:\/\/lightyellow-raccoon-590696.hostingersite.com\/?s={search_term_string}"},"query-input":{"@type":"PropertyValueSpecification","valueRequired":true,"valueName":"search_term_string"}}],"inLanguage":"es"}]}},"_links":{"self":[{"href":"https:\/\/km0.energy\/es\/wp-json\/wp\/v2\/pages\/10808","targetHints":{"allow":["GET"]}}],"collection":[{"href":"https:\/\/km0.energy\/es\/wp-json\/wp\/v2\/pages"}],"about":[{"href":"https:\/\/km0.energy\/es\/wp-json\/wp\/v2\/types\/page"}],"author":[{"embeddable":true,"href":"https:\/\/km0.energy\/es\/wp-json\/wp\/v2\/users\/1"}],"replies":[{"embeddable":true,"href":"https:\/\/km0.energy\/es\/wp-json\/wp\/v2\/comments?post=10808"}],"version-history":[{"count":6,"href":"https:\/\/km0.energy\/es\/wp-json\/wp\/v2\/pages\/10808\/revisions"}],"predecessor-version":[{"id":11232,"href":"https:\/\/km0.energy\/es\/wp-json\/wp\/v2\/pages\/10808\/revisions\/11232"}],"wp:attachment":[{"href":"https:\/\/km0.energy\/es\/wp-json\/wp\/v2\/media?parent=10808"}],"curies":[{"name":"wp","href":"https:\/\/api.w.org\/{rel}","templated":true}]}}