{"id":10800,"date":"2020-01-02T17:28:42","date_gmt":"2020-01-02T15:28:42","guid":{"rendered":"http:\/\/km0.energy\/nova\/energia-i-valor-al-territori\/"},"modified":"2023-07-18T15:10:23","modified_gmt":"2023-07-18T13:10:23","slug":"genera","status":"publish","type":"page","link":"https:\/\/km0.energy\/es\/genera\/","title":{"rendered":"Genera"},"content":{"rendered":"<p>En Km0 Energy somos especialistas en la promoci\u00f3n de proyectos de energ\u00edas renovables de escala local y descentralizada.<br \/>\nEstructuramos la financiaci\u00f3n de nuestros proyectos para facilitar la participaci\u00f3n ciudadana y contribuir al desarrollo del territorio.<\/p>\n<ul>\n<li>Impulsamos proyectos de generaci\u00f3n de energ\u00edas renovables por autoabastecimiento local.<\/li>\n<li>Promovemos parques solares descentralizados con copropiedad ciudadana.<\/li>\n<li>Elaboramos proyectos de generaci\u00f3n energ\u00e9tica alineados con los ODS y PRI.<\/li>\n<li>Generamos valor en el territorio, recuperando espacios degradados y biodiversidad, creando empleo, contratando empresas locales y realizando acciones formativas y de difusi\u00f3n.<\/li>\n<li>Favorecemos la rentabilizaci\u00f3n de terrenos con usos compartidos del suelo.<\/li>\n<li>Promovemos la democratizaci\u00f3n de la energ\u00eda con comunidades locales.<\/li>\n<li>Creemos en la soberan\u00eda energ\u00e9tica: nuestro objetivo es generar 1GW de energ\u00eda renovable en 2030 (equivalente a un reactor nuclear).<\/li>\n<\/ul>\n<p>&nbsp;<\/p>\n","protected":false},"excerpt":{"rendered":"<p>En Km0 Energy somos especialistas en la promoci\u00f3n de proyectos de energ\u00edas renovables de escala local y descentralizada. Estructuramos la financiaci\u00f3n de nuestros proyectos para facilitar la participaci\u00f3n ciudadana y contribuir al desarrollo del territorio. Impulsamos proyectos de generaci\u00f3n de energ\u00edas renovables por autoabastecimiento local. Promovemos parques solares descentralizados con copropiedad ciudadana. Elaboramos proyectos de [&hellip;]<\/p>\n","protected":false},"author":1,"featured_media":0,"parent":0,"menu_order":0,"comment_status":"closed","ping_status":"closed","template":"page-genera.php","meta":{"_acf_changed":false,"footnotes":""},"class_list":["post-10800","page","type-page","status-publish","hentry"],"acf":[],"yoast_head":"<!-- This site is optimized with the Yoast SEO plugin v27.3 - https:\/\/yoast.com\/product\/yoast-seo-wordpress\/ -->\n<title>Genera - Km0 Energy<\/title>\n<meta name=\"robots\" content=\"index, follow, max-snippet:-1, max-image-preview:large, max-video-preview:-1\" \/>\n<link rel=\"canonical\" href=\"https:\/\/lightyellow-raccoon-590696.hostingersite.com\/genera\/\" \/>\n<meta property=\"og:locale\" content=\"es_ES\" \/>\n<meta property=\"og:type\" content=\"article\" \/>\n<meta property=\"og:title\" content=\"Genera - Km0 Energy\" \/>\n<meta property=\"og:description\" content=\"En Km0 Energy somos especialistas en la promoci\u00f3n de proyectos de energ\u00edas renovables de escala local y descentralizada. Estructuramos la financiaci\u00f3n de nuestros proyectos para facilitar la participaci\u00f3n ciudadana y contribuir al desarrollo del territorio. Impulsamos proyectos de generaci\u00f3n de energ\u00edas renovables por autoabastecimiento local. Promovemos parques solares descentralizados con copropiedad ciudadana. Elaboramos proyectos de [&hellip;]\" \/>\n<meta property=\"og:url\" content=\"https:\/\/lightyellow-raccoon-590696.hostingersite.com\/genera\/\" \/>\n<meta property=\"og:site_name\" content=\"Km0 Energy\" \/>\n<meta property=\"article:modified_time\" content=\"2023-07-18T13:10:23+00:00\" \/>\n<meta name=\"twitter:card\" content=\"summary_large_image\" \/>\n<meta name=\"twitter:label1\" content=\"Tiempo de lectura\" \/>\n\t<meta name=\"twitter:data1\" content=\"1 minuto\" \/>\n<script type=\"application\/ld+json\" class=\"yoast-schema-graph\">{\"@context\":\"https:\\\/\\\/schema.org\",\"@graph\":[{\"@type\":\"WebPage\",\"@id\":\"https:\\\/\\\/lightyellow-raccoon-590696.hostingersite.com\\\/genera\\\/\",\"url\":\"https:\\\/\\\/lightyellow-raccoon-590696.hostingersite.com\\\/genera\\\/\",\"name\":\"Genera - Km0 Energy\",\"isPartOf\":{\"@id\":\"https:\\\/\\\/lightyellow-raccoon-590696.hostingersite.com\\\/#website\"},\"datePublished\":\"2020-01-02T15:28:42+00:00\",\"dateModified\":\"2023-07-18T13:10:23+00:00\",\"breadcrumb\":{\"@id\":\"https:\\\/\\\/lightyellow-raccoon-590696.hostingersite.com\\\/genera\\\/#breadcrumb\"},\"inLanguage\":\"es\",\"potentialAction\":[{\"@type\":\"ReadAction\",\"target\":[\"https:\\\/\\\/lightyellow-raccoon-590696.hostingersite.com\\\/genera\\\/\"]}]},{\"@type\":\"BreadcrumbList\",\"@id\":\"https:\\\/\\\/lightyellow-raccoon-590696.hostingersite.com\\\/genera\\\/#breadcrumb\",\"itemListElement\":[{\"@type\":\"ListItem\",\"position\":1,\"name\":\"Inici\",\"item\":\"https:\\\/\\\/km0.energy\\\/es\\\/home\\\/\"},{\"@type\":\"ListItem\",\"position\":2,\"name\":\"Genera\"}]},{\"@type\":\"WebSite\",\"@id\":\"https:\\\/\\\/lightyellow-raccoon-590696.hostingersite.com\\\/#website\",\"url\":\"https:\\\/\\\/lightyellow-raccoon-590696.hostingersite.com\\\/\",\"name\":\"Km0 Energy\",\"description\":\"Promotor energ\u00e8tic de proximitat\",\"potentialAction\":[{\"@type\":\"SearchAction\",\"target\":{\"@type\":\"EntryPoint\",\"urlTemplate\":\"https:\\\/\\\/lightyellow-raccoon-590696.hostingersite.com\\\/?s={search_term_string}\"},\"query-input\":{\"@type\":\"PropertyValueSpecification\",\"valueRequired\":true,\"valueName\":\"search_term_string\"}}],\"inLanguage\":\"es\"}]}<\/script>\n<!-- \/ Yoast SEO plugin. -->","yoast_head_json":{"title":"Genera - Km0 Energy","robots":{"index":"index","follow":"follow","max-snippet":"max-snippet:-1","max-image-preview":"max-image-preview:large","max-video-preview":"max-video-preview:-1"},"canonical":"https:\/\/lightyellow-raccoon-590696.hostingersite.com\/genera\/","og_locale":"es_ES","og_type":"article","og_title":"Genera - Km0 Energy","og_description":"En Km0 Energy somos especialistas en la promoci\u00f3n de proyectos de energ\u00edas renovables de escala local y descentralizada. Estructuramos la financiaci\u00f3n de nuestros proyectos para facilitar la participaci\u00f3n ciudadana y contribuir al desarrollo del territorio. Impulsamos proyectos de generaci\u00f3n de energ\u00edas renovables por autoabastecimiento local. Promovemos parques solares descentralizados con copropiedad ciudadana. Elaboramos proyectos de [&hellip;]","og_url":"https:\/\/lightyellow-raccoon-590696.hostingersite.com\/genera\/","og_site_name":"Km0 Energy","article_modified_time":"2023-07-18T13:10:23+00:00","twitter_card":"summary_large_image","twitter_misc":{"Tiempo de lectura":"1 minuto"},"schema":{"@context":"https:\/\/schema.org","@graph":[{"@type":"WebPage","@id":"https:\/\/lightyellow-raccoon-590696.hostingersite.com\/genera\/","url":"https:\/\/lightyellow-raccoon-590696.hostingersite.com\/genera\/","name":"Genera - Km0 Energy","isPartOf":{"@id":"https:\/\/lightyellow-raccoon-590696.hostingersite.com\/#website"},"datePublished":"2020-01-02T15:28:42+00:00","dateModified":"2023-07-18T13:10:23+00:00","breadcrumb":{"@id":"https:\/\/lightyellow-raccoon-590696.hostingersite.com\/genera\/#breadcrumb"},"inLanguage":"es","potentialAction":[{"@type":"ReadAction","target":["https:\/\/lightyellow-raccoon-590696.hostingersite.com\/genera\/"]}]},{"@type":"BreadcrumbList","@id":"https:\/\/lightyellow-raccoon-590696.hostingersite.com\/genera\/#breadcrumb","itemListElement":[{"@type":"ListItem","position":1,"name":"Inici","item":"https:\/\/km0.energy\/es\/home\/"},{"@type":"ListItem","position":2,"name":"Genera"}]},{"@type":"WebSite","@id":"https:\/\/lightyellow-raccoon-590696.hostingersite.com\/#website","url":"https:\/\/lightyellow-raccoon-590696.hostingersite.com\/","name":"Km0 Energy","description":"Promotor energ\u00e8tic de proximitat","potentialAction":[{"@type":"SearchAction","target":{"@type":"EntryPoint","urlTemplate":"https:\/\/lightyellow-raccoon-590696.hostingersite.com\/?s={search_term_string}"},"query-input":{"@type":"PropertyValueSpecification","valueRequired":true,"valueName":"search_term_string"}}],"inLanguage":"es"}]}},"_links":{"self":[{"href":"https:\/\/km0.energy\/es\/wp-json\/wp\/v2\/pages\/10800","targetHints":{"allow":["GET"]}}],"collection":[{"href":"https:\/\/km0.energy\/es\/wp-json\/wp\/v2\/pages"}],"about":[{"href":"https:\/\/km0.energy\/es\/wp-json\/wp\/v2\/types\/page"}],"author":[{"embeddable":true,"href":"https:\/\/km0.energy\/es\/wp-json\/wp\/v2\/users\/1"}],"replies":[{"embeddable":true,"href":"https:\/\/km0.energy\/es\/wp-json\/wp\/v2\/comments?post=10800"}],"version-history":[{"count":3,"href":"https:\/\/km0.energy\/es\/wp-json\/wp\/v2\/pages\/10800\/revisions"}],"predecessor-version":[{"id":10842,"href":"https:\/\/km0.energy\/es\/wp-json\/wp\/v2\/pages\/10800\/revisions\/10842"}],"wp:attachment":[{"href":"https:\/\/km0.energy\/es\/wp-json\/wp\/v2\/media?parent=10800"}],"curies":[{"name":"wp","href":"https:\/\/api.w.org\/{rel}","templated":true}]}}