{"id":10798,"date":"2020-02-03T15:44:19","date_gmt":"2020-02-03T13:44:19","guid":{"rendered":"http:\/\/km0.energy\/nova\/flexibilitat-i-mercats\/"},"modified":"2023-09-28T15:22:15","modified_gmt":"2023-09-28T13:22:15","slug":"flexibilitat-i-mercats","status":"publish","type":"page","link":"https:\/\/km0.energy\/es\/flexibilitat-i-mercats\/","title":{"rendered":"Flexibilidad y mercados"},"content":{"rendered":"<p>En <strong>Km0 Energy<\/strong> tenemos claro que para alcanzar los retos en 2030 no es suficiente tener visi\u00f3n e incidencia en los debates del sector. Hay que detectar tambi\u00e9n las nuevas tendencias tecnol\u00f3gicas, sociales y legislativas como son el almacenamiento y la flexibilidad de la demanda energ\u00e9tica.<\/p>\n<p>Nuestro equipo de profesionales participa regularmente en los principales entornos de innovaci\u00f3n nacionales e internacionales y asesora a los gobiernos catal\u00e1n y espa\u00f1ol para poder ofrecer las mejores oportunidades energ\u00e9ticas. S\u00f3lo as\u00ed podemos ser viables e implementar proyectos de alto impacto que aseguren la transici\u00f3n del conjunto del pa\u00eds hacia una energ\u00eda limpia y sin emisiones de gases de efecto invernadero.<\/p>\n","protected":false},"excerpt":{"rendered":"<p>En Km0 Energy tenemos claro que para alcanzar los retos en 2030 no es suficiente tener visi\u00f3n e incidencia en los debates del sector. Hay que detectar tambi\u00e9n las nuevas tendencias tecnol\u00f3gicas, sociales y legislativas como son el almacenamiento y la flexibilidad de la demanda energ\u00e9tica. Nuestro equipo de profesionales participa regularmente en los principales [&hellip;]<\/p>\n","protected":false},"author":1,"featured_media":0,"parent":0,"menu_order":0,"comment_status":"closed","ping_status":"closed","template":"","meta":{"_acf_changed":false,"footnotes":""},"class_list":["post-10798","page","type-page","status-publish","hentry"],"acf":[],"yoast_head":"<!-- This site is optimized with the Yoast SEO plugin v27.3 - https:\/\/yoast.com\/product\/yoast-seo-wordpress\/ -->\n<title>Flexibilidad y mercados - Km0 Energy<\/title>\n<meta name=\"robots\" content=\"index, follow, max-snippet:-1, max-image-preview:large, max-video-preview:-1\" \/>\n<link rel=\"canonical\" href=\"https:\/\/lightyellow-raccoon-590696.hostingersite.com\/flexibilitat-i-mercats\/\" \/>\n<meta property=\"og:locale\" content=\"es_ES\" \/>\n<meta property=\"og:type\" content=\"article\" \/>\n<meta property=\"og:title\" content=\"Flexibilidad y mercados - Km0 Energy\" \/>\n<meta property=\"og:description\" content=\"En Km0 Energy tenemos claro que para alcanzar los retos en 2030 no es suficiente tener visi\u00f3n e incidencia en los debates del sector. Hay que detectar tambi\u00e9n las nuevas tendencias tecnol\u00f3gicas, sociales y legislativas como son el almacenamiento y la flexibilidad de la demanda energ\u00e9tica. Nuestro equipo de profesionales participa regularmente en los principales [&hellip;]\" \/>\n<meta property=\"og:url\" content=\"https:\/\/lightyellow-raccoon-590696.hostingersite.com\/flexibilitat-i-mercats\/\" \/>\n<meta property=\"og:site_name\" content=\"Km0 Energy\" \/>\n<meta property=\"article:modified_time\" content=\"2023-09-28T13:22:15+00:00\" \/>\n<meta name=\"twitter:card\" content=\"summary_large_image\" \/>\n<meta name=\"twitter:label1\" content=\"Tiempo de lectura\" \/>\n\t<meta name=\"twitter:data1\" content=\"1 minuto\" \/>\n<script type=\"application\/ld+json\" class=\"yoast-schema-graph\">{\"@context\":\"https:\\\/\\\/schema.org\",\"@graph\":[{\"@type\":\"WebPage\",\"@id\":\"https:\\\/\\\/lightyellow-raccoon-590696.hostingersite.com\\\/flexibilitat-i-mercats\\\/\",\"url\":\"https:\\\/\\\/lightyellow-raccoon-590696.hostingersite.com\\\/flexibilitat-i-mercats\\\/\",\"name\":\"Flexibilidad y mercados - Km0 Energy\",\"isPartOf\":{\"@id\":\"https:\\\/\\\/lightyellow-raccoon-590696.hostingersite.com\\\/#website\"},\"datePublished\":\"2020-02-03T13:44:19+00:00\",\"dateModified\":\"2023-09-28T13:22:15+00:00\",\"breadcrumb\":{\"@id\":\"https:\\\/\\\/lightyellow-raccoon-590696.hostingersite.com\\\/flexibilitat-i-mercats\\\/#breadcrumb\"},\"inLanguage\":\"es\",\"potentialAction\":[{\"@type\":\"ReadAction\",\"target\":[\"https:\\\/\\\/lightyellow-raccoon-590696.hostingersite.com\\\/flexibilitat-i-mercats\\\/\"]}]},{\"@type\":\"BreadcrumbList\",\"@id\":\"https:\\\/\\\/lightyellow-raccoon-590696.hostingersite.com\\\/flexibilitat-i-mercats\\\/#breadcrumb\",\"itemListElement\":[{\"@type\":\"ListItem\",\"position\":1,\"name\":\"Inici\",\"item\":\"https:\\\/\\\/km0.energy\\\/es\\\/home\\\/\"},{\"@type\":\"ListItem\",\"position\":2,\"name\":\"Flexibilidad y mercados\"}]},{\"@type\":\"WebSite\",\"@id\":\"https:\\\/\\\/lightyellow-raccoon-590696.hostingersite.com\\\/#website\",\"url\":\"https:\\\/\\\/lightyellow-raccoon-590696.hostingersite.com\\\/\",\"name\":\"Km0 Energy\",\"description\":\"Promotor energ\u00e8tic de proximitat\",\"potentialAction\":[{\"@type\":\"SearchAction\",\"target\":{\"@type\":\"EntryPoint\",\"urlTemplate\":\"https:\\\/\\\/lightyellow-raccoon-590696.hostingersite.com\\\/?s={search_term_string}\"},\"query-input\":{\"@type\":\"PropertyValueSpecification\",\"valueRequired\":true,\"valueName\":\"search_term_string\"}}],\"inLanguage\":\"es\"}]}<\/script>\n<!-- \/ Yoast SEO plugin. -->","yoast_head_json":{"title":"Flexibilidad y mercados - Km0 Energy","robots":{"index":"index","follow":"follow","max-snippet":"max-snippet:-1","max-image-preview":"max-image-preview:large","max-video-preview":"max-video-preview:-1"},"canonical":"https:\/\/lightyellow-raccoon-590696.hostingersite.com\/flexibilitat-i-mercats\/","og_locale":"es_ES","og_type":"article","og_title":"Flexibilidad y mercados - Km0 Energy","og_description":"En Km0 Energy tenemos claro que para alcanzar los retos en 2030 no es suficiente tener visi\u00f3n e incidencia en los debates del sector. Hay que detectar tambi\u00e9n las nuevas tendencias tecnol\u00f3gicas, sociales y legislativas como son el almacenamiento y la flexibilidad de la demanda energ\u00e9tica. Nuestro equipo de profesionales participa regularmente en los principales [&hellip;]","og_url":"https:\/\/lightyellow-raccoon-590696.hostingersite.com\/flexibilitat-i-mercats\/","og_site_name":"Km0 Energy","article_modified_time":"2023-09-28T13:22:15+00:00","twitter_card":"summary_large_image","twitter_misc":{"Tiempo de lectura":"1 minuto"},"schema":{"@context":"https:\/\/schema.org","@graph":[{"@type":"WebPage","@id":"https:\/\/lightyellow-raccoon-590696.hostingersite.com\/flexibilitat-i-mercats\/","url":"https:\/\/lightyellow-raccoon-590696.hostingersite.com\/flexibilitat-i-mercats\/","name":"Flexibilidad y mercados - Km0 Energy","isPartOf":{"@id":"https:\/\/lightyellow-raccoon-590696.hostingersite.com\/#website"},"datePublished":"2020-02-03T13:44:19+00:00","dateModified":"2023-09-28T13:22:15+00:00","breadcrumb":{"@id":"https:\/\/lightyellow-raccoon-590696.hostingersite.com\/flexibilitat-i-mercats\/#breadcrumb"},"inLanguage":"es","potentialAction":[{"@type":"ReadAction","target":["https:\/\/lightyellow-raccoon-590696.hostingersite.com\/flexibilitat-i-mercats\/"]}]},{"@type":"BreadcrumbList","@id":"https:\/\/lightyellow-raccoon-590696.hostingersite.com\/flexibilitat-i-mercats\/#breadcrumb","itemListElement":[{"@type":"ListItem","position":1,"name":"Inici","item":"https:\/\/km0.energy\/es\/home\/"},{"@type":"ListItem","position":2,"name":"Flexibilidad y mercados"}]},{"@type":"WebSite","@id":"https:\/\/lightyellow-raccoon-590696.hostingersite.com\/#website","url":"https:\/\/lightyellow-raccoon-590696.hostingersite.com\/","name":"Km0 Energy","description":"Promotor energ\u00e8tic de proximitat","potentialAction":[{"@type":"SearchAction","target":{"@type":"EntryPoint","urlTemplate":"https:\/\/lightyellow-raccoon-590696.hostingersite.com\/?s={search_term_string}"},"query-input":{"@type":"PropertyValueSpecification","valueRequired":true,"valueName":"search_term_string"}}],"inLanguage":"es"}]}},"_links":{"self":[{"href":"https:\/\/km0.energy\/es\/wp-json\/wp\/v2\/pages\/10798","targetHints":{"allow":["GET"]}}],"collection":[{"href":"https:\/\/km0.energy\/es\/wp-json\/wp\/v2\/pages"}],"about":[{"href":"https:\/\/km0.energy\/es\/wp-json\/wp\/v2\/types\/page"}],"author":[{"embeddable":true,"href":"https:\/\/km0.energy\/es\/wp-json\/wp\/v2\/users\/1"}],"replies":[{"embeddable":true,"href":"https:\/\/km0.energy\/es\/wp-json\/wp\/v2\/comments?post=10798"}],"version-history":[{"count":3,"href":"https:\/\/km0.energy\/es\/wp-json\/wp\/v2\/pages\/10798\/revisions"}],"predecessor-version":[{"id":10839,"href":"https:\/\/km0.energy\/es\/wp-json\/wp\/v2\/pages\/10798\/revisions\/10839"}],"wp:attachment":[{"href":"https:\/\/km0.energy\/es\/wp-json\/wp\/v2\/media?parent=10798"}],"curies":[{"name":"wp","href":"https:\/\/api.w.org\/{rel}","templated":true}]}}