{"id":10796,"date":"2020-02-03T16:24:06","date_gmt":"2020-02-03T14:24:06","guid":{"rendered":"http:\/\/km0.energy\/nova\/avis-legal\/"},"modified":"2023-09-28T15:17:23","modified_gmt":"2023-09-28T13:17:23","slug":"avis-legal","status":"publish","type":"page","link":"https:\/\/km0.energy\/es\/avis-legal\/","title":{"rendered":"Aviso legal"},"content":{"rendered":"<p>Para dar cumplimiento con lo establecido en la Ley 34\/2002, del 11 de Julio, de servicios de la sociedad de la informaci\u00f3n y de comercio electr\u00f3nico, a continuaci\u00f3n se indican los datos de informaci\u00f3n general de este sitio web:<\/p>\n<ul>\n<li style=\"text-align: left;\">Titular: Km0.energy SL<\/li>\n<li style=\"text-align: left;\">Direcci\u00f3n: Lepant,43, 08223 Terrassa, Barcelona<\/li>\n<li style=\"text-align: left;\">Contacto: info@km0.energy<\/li>\n<li style=\"text-align: left;\">Tel\u00e9fono: +34 93 193 90 99<\/li>\n<li style=\"text-align: left;\">Datos registrales: Registro Mercantil de Barcelona, al Tomo 46.783, Folio 42 y Hoja 530756, Inscripci\u00f3n 1<\/li>\n<li style=\"text-align: left;\">NIF: B67378711<\/li>\n<\/ul>\n<p>Datos de las oficinas de la empresa:<\/p>\n<ul>\n<li style=\"text-align: left;\">Direcci\u00f3n: Lepant,43, 08223 Terrassa, Barcelona<\/li>\n<li style=\"text-align: left;\">Contacto: info@km0.energy<\/li>\n<li style=\"text-align: left;\">Tel\u00e9fono: +34 93 193 90 99<\/li>\n<\/ul>\n<p><strong>Objeto<\/strong><\/p>\n<p>Estas condiciones generales (a partir de ahora las \u201cCondiciones Generales\u201d) regulan el uso de todos los servicios de este sitio web (a partir de ahora \u201cel Portal\u201d) que la compa\u00f1\u00eda Km0.energy SL con domicilio en: Lepant,43, 08223 Terrassa, Barcelona (a partir de ahora \u201cla Empresa\u201d) pone a disposici\u00f3n de los usuarios de Internet. Por la mera utilizaci\u00f3n del Portal, los usuarios expresan la aceptaci\u00f3n sin reservas de las mismas, las cuales podr\u00e1n ser modificadas por la Empresa en cualquier momento. Los usuarios se ven asimismo sometidos a todas aquellas condiciones particulares, avisos o reglamentos de instrucciones que se pongan en su conocimiento, en relaci\u00f3n con contenidos o servicios concretos, que contemplan con lo previsto en estas Condiciones Generales en cuanto no se opongan.<\/p>\n<p><strong>Exclusi\u00f3n de responsabilidad sobre la informaci\u00f3n gr\u00e1fica disponible en el portal<\/strong><\/p>\n<p>Toda la documentaci\u00f3n gr\u00e1fica incluida en esta p\u00e1gina web referente a las distintas promociones o bienes inmuebles, es meramente orientativa y est\u00e1 sometida a posibles cambios exigidos por la evoluci\u00f3n t\u00e9cnica de los proyectos y su ejecuci\u00f3n. EN NING\u00daN CASO ESTA INFORMACI\u00d3N CONSTITUYE DOCUMENTO CONTRACTUAL.<\/p>\n<p><strong>Utilizaci\u00f3n del portal y de los servicios para los usuarios<\/strong><\/p>\n<p>Excepto en el caso que hayan obtenido previa y expresa autorizaci\u00f3n espec\u00edficamente otorgada a tal efecto por parte de la Empresa, los usuarios se abstendr\u00e1n de obtener o intentar obtener cualquier tipo de contenidos, ya sean textos, gr\u00e1ficos, dibujos, archivos de sonido, im\u00e1genes o fotograf\u00edas, v\u00eddeos, software y, en general, cualquier clase de material accesible a trav\u00e9s del Portal o de los servicios utilizados por ellos, con medios distintos de los que se hayan puesto a su disposici\u00f3n a este efecto o de los que se \u2019empleen habitualmente a este efecto en Internet.<\/p>\n<p><strong>Exclusi\u00f3n de responsabilidad de los contenidos<\/strong><\/p>\n<p>La empresa no es en ning\u00fan caso responsable, ni de forma directa ni subsidiaria, por ning\u00fan contenido, informaci\u00f3n, comunicaci\u00f3n, opini\u00f3n o manifestaci\u00f3n de cualquier tipo que tenga su origen en el usuario o cualquier persona o entidad y que se comunique, difunda, transmita o exhiba a trav\u00e9s de los servicios del Portal.<\/p>\n<p><strong>Propiedad intelectual e industrial<\/strong><\/p>\n<p>Todos los contenidos as\u00ed como nombres, logos, marcas y bases de datos accesibles en las p\u00e1ginas web del Portal est\u00e1n sujetos a derechos de propiedad industrial e intelectual de la empresa o de terceros titulares de los mismos. En ning\u00fan caso el acceso a las p\u00e1ginas web del Portal implica ning\u00fan tipo de renuncia, transmisi\u00f3n o cesi\u00f3n total o parcial de los mencionados derechos, ni confiere ning\u00fan derecho de utilizaci\u00f3n, alteraci\u00f3n, explotaci\u00f3n, reproducci\u00f3n, distribuci\u00f3n o comunicaci\u00f3n p\u00fablica sobre los contenidos o bienes de propiedad industrial sin la previa y expresa autorizaci\u00f3n espec\u00edficamente otorgada a tal efecto por parte de la empresa o del tercer titular de los derechos, excepto los derechos de visualizar y de realizar copias para uso personal y exclusivo del usuario, los cuales deber\u00e1n ejercerse siempre conforme a los principios de la buena fe y la legislaci\u00f3n aplicable.<\/p>\n<p><strong>Protecci\u00f3n de datos<\/strong><\/p>\n<p>Mediante el presente Aviso Legal y de acuerdo con lo establecido en la Ley Org\u00e1nica 15\/1999, de Protecci\u00f3n de Datos de Car\u00e1cter Personal, la empresa avisa a los usuarios de su pol\u00edtica de protecci\u00f3n de datos, para que estos determinen libre y voluntariamente si desean facilitar los datos personales que se le puedan requerir con ocasi\u00f3n de la suscripci\u00f3n o alta en algunos de los servicios ofrecidos. Salvo en los campos en que se indique lo contrario, las respuestas a las preguntas sobre datos personales son voluntarias. Los datos personales recogidos ser\u00e1n tratados de forma secreta y confidencial y su recogida tiene como finalidad la gesti\u00f3n y prestaci\u00f3n de los servicios ofrecidos por la Empresa en el Portal en cada momento. Los usuarios aceptan que los datos personales facilitados puedan ser objeto de tratamiento en ficheros automatizados titularidad y responsabilidad de la Empresa. Los usuarios pueden ejercer su derecho de acceso, rectificaci\u00f3n, cancelaci\u00f3n y oposici\u00f3n en: Km0.energy SL, Lepant,43, 08223 Terrassa, Barcelona.<\/p>\n<p><strong>Ley aplicable y fuero<\/strong><\/p>\n<p>Estas Condiciones Generales se rigen por la ley espa\u00f1ola. Para cualquier controversia que pueda derivarse de la aplicaci\u00f3n de los servicios o interpretaci\u00f3n o aplicaci\u00f3n de las Condiciones Generales, la Empresa y los usuarios, con renuncia expresa a su fuero propio, se someten al de los Juzgados y Tribunales de Sabadell.<\/p>\n","protected":false},"excerpt":{"rendered":"<p>Para dar cumplimiento con lo establecido en la Ley 34\/2002, del 11 de Julio, de servicios de la sociedad de la informaci\u00f3n y de comercio electr\u00f3nico, a continuaci\u00f3n se indican los datos de informaci\u00f3n general de este sitio web: Titular: Km0.energy SL Direcci\u00f3n: Lepant,43, 08223 Terrassa, Barcelona Contacto: info@km0.energy Tel\u00e9fono: +34 93 193 90 99 [&hellip;]<\/p>\n","protected":false},"author":1,"featured_media":0,"parent":0,"menu_order":0,"comment_status":"closed","ping_status":"closed","template":"page-legal.php","meta":{"_acf_changed":false,"footnotes":""},"class_list":["post-10796","page","type-page","status-publish","hentry"],"acf":[],"yoast_head":"<!-- This site is optimized with the Yoast SEO plugin v27.3 - https:\/\/yoast.com\/product\/yoast-seo-wordpress\/ -->\n<title>Aviso legal - Km0 Energy<\/title>\n<meta name=\"robots\" content=\"index, follow, max-snippet:-1, max-image-preview:large, max-video-preview:-1\" \/>\n<link rel=\"canonical\" href=\"https:\/\/km0.energy\/es\/avis-legal\/\" \/>\n<meta property=\"og:locale\" content=\"es_ES\" \/>\n<meta property=\"og:type\" content=\"article\" \/>\n<meta property=\"og:title\" content=\"Aviso legal - Km0 Energy\" \/>\n<meta property=\"og:description\" content=\"Para dar cumplimiento con lo establecido en la Ley 34\/2002, del 11 de Julio, de servicios de la sociedad de la informaci\u00f3n y de comercio electr\u00f3nico, a continuaci\u00f3n se indican los datos de informaci\u00f3n general de este sitio web: Titular: Km0.energy SL Direcci\u00f3n: Lepant,43, 08223 Terrassa, Barcelona Contacto: info@km0.energy Tel\u00e9fono: +34 93 193 90 99 [&hellip;]\" \/>\n<meta property=\"og:url\" content=\"https:\/\/km0.energy\/es\/avis-legal\/\" \/>\n<meta property=\"og:site_name\" content=\"Km0 Energy\" \/>\n<meta property=\"article:modified_time\" content=\"2023-09-28T13:17:23+00:00\" \/>\n<meta name=\"twitter:card\" content=\"summary_large_image\" \/>\n<meta name=\"twitter:label1\" content=\"Tiempo de lectura\" \/>\n\t<meta name=\"twitter:data1\" content=\"4 minutos\" \/>\n<script type=\"application\/ld+json\" class=\"yoast-schema-graph\">{\"@context\":\"https:\\\/\\\/schema.org\",\"@graph\":[{\"@type\":\"WebPage\",\"@id\":\"https:\\\/\\\/km0.energy\\\/es\\\/avis-legal\\\/\",\"url\":\"https:\\\/\\\/km0.energy\\\/es\\\/avis-legal\\\/\",\"name\":\"Aviso legal - Km0 Energy\",\"isPartOf\":{\"@id\":\"https:\\\/\\\/lightyellow-raccoon-590696.hostingersite.com\\\/#website\"},\"datePublished\":\"2020-02-03T14:24:06+00:00\",\"dateModified\":\"2023-09-28T13:17:23+00:00\",\"breadcrumb\":{\"@id\":\"https:\\\/\\\/km0.energy\\\/es\\\/avis-legal\\\/#breadcrumb\"},\"inLanguage\":\"es\",\"potentialAction\":[{\"@type\":\"ReadAction\",\"target\":[\"https:\\\/\\\/km0.energy\\\/es\\\/avis-legal\\\/\"]}]},{\"@type\":\"BreadcrumbList\",\"@id\":\"https:\\\/\\\/km0.energy\\\/es\\\/avis-legal\\\/#breadcrumb\",\"itemListElement\":[{\"@type\":\"ListItem\",\"position\":1,\"name\":\"Inici\",\"item\":\"https:\\\/\\\/km0.energy\\\/es\\\/home\\\/\"},{\"@type\":\"ListItem\",\"position\":2,\"name\":\"Aviso legal\"}]},{\"@type\":\"WebSite\",\"@id\":\"https:\\\/\\\/lightyellow-raccoon-590696.hostingersite.com\\\/#website\",\"url\":\"https:\\\/\\\/lightyellow-raccoon-590696.hostingersite.com\\\/\",\"name\":\"Km0 Energy\",\"description\":\"Promotor energ\u00e8tic de proximitat\",\"potentialAction\":[{\"@type\":\"SearchAction\",\"target\":{\"@type\":\"EntryPoint\",\"urlTemplate\":\"https:\\\/\\\/lightyellow-raccoon-590696.hostingersite.com\\\/?s={search_term_string}\"},\"query-input\":{\"@type\":\"PropertyValueSpecification\",\"valueRequired\":true,\"valueName\":\"search_term_string\"}}],\"inLanguage\":\"es\"}]}<\/script>\n<!-- \/ Yoast SEO plugin. -->","yoast_head_json":{"title":"Aviso legal - Km0 Energy","robots":{"index":"index","follow":"follow","max-snippet":"max-snippet:-1","max-image-preview":"max-image-preview:large","max-video-preview":"max-video-preview:-1"},"canonical":"https:\/\/km0.energy\/es\/avis-legal\/","og_locale":"es_ES","og_type":"article","og_title":"Aviso legal - Km0 Energy","og_description":"Para dar cumplimiento con lo establecido en la Ley 34\/2002, del 11 de Julio, de servicios de la sociedad de la informaci\u00f3n y de comercio electr\u00f3nico, a continuaci\u00f3n se indican los datos de informaci\u00f3n general de este sitio web: Titular: Km0.energy SL Direcci\u00f3n: Lepant,43, 08223 Terrassa, Barcelona Contacto: info@km0.energy Tel\u00e9fono: +34 93 193 90 99 [&hellip;]","og_url":"https:\/\/km0.energy\/es\/avis-legal\/","og_site_name":"Km0 Energy","article_modified_time":"2023-09-28T13:17:23+00:00","twitter_card":"summary_large_image","twitter_misc":{"Tiempo de lectura":"4 minutos"},"schema":{"@context":"https:\/\/schema.org","@graph":[{"@type":"WebPage","@id":"https:\/\/km0.energy\/es\/avis-legal\/","url":"https:\/\/km0.energy\/es\/avis-legal\/","name":"Aviso legal - Km0 Energy","isPartOf":{"@id":"https:\/\/lightyellow-raccoon-590696.hostingersite.com\/#website"},"datePublished":"2020-02-03T14:24:06+00:00","dateModified":"2023-09-28T13:17:23+00:00","breadcrumb":{"@id":"https:\/\/km0.energy\/es\/avis-legal\/#breadcrumb"},"inLanguage":"es","potentialAction":[{"@type":"ReadAction","target":["https:\/\/km0.energy\/es\/avis-legal\/"]}]},{"@type":"BreadcrumbList","@id":"https:\/\/km0.energy\/es\/avis-legal\/#breadcrumb","itemListElement":[{"@type":"ListItem","position":1,"name":"Inici","item":"https:\/\/km0.energy\/es\/home\/"},{"@type":"ListItem","position":2,"name":"Aviso legal"}]},{"@type":"WebSite","@id":"https:\/\/lightyellow-raccoon-590696.hostingersite.com\/#website","url":"https:\/\/lightyellow-raccoon-590696.hostingersite.com\/","name":"Km0 Energy","description":"Promotor energ\u00e8tic de proximitat","potentialAction":[{"@type":"SearchAction","target":{"@type":"EntryPoint","urlTemplate":"https:\/\/lightyellow-raccoon-590696.hostingersite.com\/?s={search_term_string}"},"query-input":{"@type":"PropertyValueSpecification","valueRequired":true,"valueName":"search_term_string"}}],"inLanguage":"es"}]}},"_links":{"self":[{"href":"https:\/\/km0.energy\/es\/wp-json\/wp\/v2\/pages\/10796","targetHints":{"allow":["GET"]}}],"collection":[{"href":"https:\/\/km0.energy\/es\/wp-json\/wp\/v2\/pages"}],"about":[{"href":"https:\/\/km0.energy\/es\/wp-json\/wp\/v2\/types\/page"}],"author":[{"embeddable":true,"href":"https:\/\/km0.energy\/es\/wp-json\/wp\/v2\/users\/1"}],"replies":[{"embeddable":true,"href":"https:\/\/km0.energy\/es\/wp-json\/wp\/v2\/comments?post=10796"}],"version-history":[{"count":2,"href":"https:\/\/km0.energy\/es\/wp-json\/wp\/v2\/pages\/10796\/revisions"}],"predecessor-version":[{"id":10850,"href":"https:\/\/km0.energy\/es\/wp-json\/wp\/v2\/pages\/10796\/revisions\/10850"}],"wp:attachment":[{"href":"https:\/\/km0.energy\/es\/wp-json\/wp\/v2\/media?parent=10796"}],"curies":[{"name":"wp","href":"https:\/\/api.w.org\/{rel}","templated":true}]}}