{"id":10780,"date":"2021-10-26T14:51:57","date_gmt":"2021-10-26T12:51:57","guid":{"rendered":"http:\/\/km0.energy\/nova\/comunitats-energetiques\/"},"modified":"2023-07-19T12:25:43","modified_gmt":"2023-07-19T10:25:43","slug":"comunidades-energeticas","status":"publish","type":"page","link":"https:\/\/km0.energy\/es\/comunidades-energeticas\/","title":{"rendered":"Comunidades energ\u00e9ticas"},"content":{"rendered":"<h2><strong>\u00a1Ya tenemos m\u00e1s de 100 Comunidades Energ\u00e9ticas en marcha en Catalu\u00f1a!<\/strong><\/h2>\n<div>\n<p style=\"font-weight: 400;\">La transici\u00f3n energ\u00e9tica toma una nueva dimensi\u00f3n local donde los ayuntamientos y los entes p\u00fablicos juegan un papel indispensable. Las Comunidades Energ\u00e9ticas permiten la <strong>implicaci\u00f3n del mundo local en la transici\u00f3n energ\u00e9tica<\/strong>, generando y compartiendo energ\u00eda renovable y de proximidad, de modo que sus miembros pueden gestionar de forma eficiente el consumo y mejorar la eficiencia energ\u00e9tica y la gesti\u00f3n de la demanda. Estos proyectos de generaci\u00f3n de energ\u00eda renovable est\u00e1n alineados con los ODS (Objetivos de Desarrollo Sostenible) y los PRI (Principios para la Inversi\u00f3n Responsable).<\/p>\n<ul>\n<li style=\"font-weight: 400;\"><strong>autoconsumo compartido <\/strong>en red exterior por los consumidores situados a un radio de 2000 metros de distancia de la instalaci\u00f3n comunitaria, sin hacer uso del propio tejado.<\/li>\n<li style=\"font-weight: 400;\"><strong>participaci\u00f3n ciudadana: <\/strong>\u00a0estructuramos la financiaci\u00f3n de nuestros proyectos para facilitar la participaci\u00f3n del vecindario y contribuir al desarrollo del territorio.<\/li>\n<li style=\"font-weight: 400;\"><strong>ahorro energ\u00e9tico y econ\u00f3mico<\/strong>: el aprovechamiento de esta energ\u00eda se descuenta mes a mes de la factura de los miembros de la comunidad<\/li>\n<li style=\"font-weight: 400;\"><strong>informaci\u00f3n personalizada<\/strong>: a trav\u00e9s de una plataforma digital se pueden consultar los datos de la generaci\u00f3n de energ\u00eda de la comunidad, del consumo energ\u00e9tico propio y de la eficiencia energ\u00e9tica.<\/li>\n<\/ul>\n<p>&nbsp;<\/p>\n<h2 style=\"font-weight: 400;\">\u00a1En las comunidades energ\u00e9ticas todo suma!<\/h2>\n<p>+ concienciaci\u00f3n energ\u00e9tica<br \/>\n+ ahorro de energ\u00eda y de costes<br \/>\n+ autogesti\u00f3n de la energ\u00eda y m\u00e1s eficiencia<br \/>\n+ beneficios econ\u00f3micos, sociales y ambientales para el municipio<br \/>\n+ auto abastimiento e independencia de las empresas energ\u00e9ticas<br \/>\n+ democratizaci\u00f3n de la energ\u00eda y m\u00e1s soberan\u00eda energ\u00e9tica<br \/>\n+ valor para el territorio, recuperando espacios degradados y biodiversidad<br \/>\n+ rentabilizaci\u00f3n de terrenos con usos compartidos del suelo<\/p>\n<\/div>\n<p>&nbsp;<\/p>\n","protected":false},"excerpt":{"rendered":"<p>\u00a1Ya tenemos m\u00e1s de 100 Comunidades Energ\u00e9ticas en marcha en Catalu\u00f1a! La transici\u00f3n energ\u00e9tica toma una nueva dimensi\u00f3n local donde los ayuntamientos y los entes p\u00fablicos juegan un papel indispensable. Las Comunidades Energ\u00e9ticas permiten la implicaci\u00f3n del mundo local en la transici\u00f3n energ\u00e9tica, generando y compartiendo energ\u00eda renovable y de proximidad, de modo que sus [&hellip;]<\/p>\n","protected":false},"author":1,"featured_media":0,"parent":0,"menu_order":0,"comment_status":"closed","ping_status":"closed","template":"page-video.php","meta":{"_acf_changed":false,"footnotes":""},"class_list":["post-10780","page","type-page","status-publish","hentry"],"acf":[],"yoast_head":"<!-- This site is optimized with the Yoast SEO plugin v27.4 - https:\/\/yoast.com\/product\/yoast-seo-wordpress\/ -->\n<title>Comunidades energ\u00e9ticas - Km0 Energy<\/title>\n<meta name=\"robots\" content=\"index, follow, max-snippet:-1, max-image-preview:large, max-video-preview:-1\" \/>\n<link rel=\"canonical\" href=\"https:\/\/km0.energy\/es\/comunidades-energeticas\/\" \/>\n<meta property=\"og:locale\" content=\"es_ES\" \/>\n<meta property=\"og:type\" content=\"article\" \/>\n<meta property=\"og:title\" content=\"Comunidades energ\u00e9ticas - Km0 Energy\" \/>\n<meta property=\"og:description\" content=\"\u00a1Ya tenemos m\u00e1s de 100 Comunidades Energ\u00e9ticas en marcha en Catalu\u00f1a! La transici\u00f3n energ\u00e9tica toma una nueva dimensi\u00f3n local donde los ayuntamientos y los entes p\u00fablicos juegan un papel indispensable. Las Comunidades Energ\u00e9ticas permiten la implicaci\u00f3n del mundo local en la transici\u00f3n energ\u00e9tica, generando y compartiendo energ\u00eda renovable y de proximidad, de modo que sus [&hellip;]\" \/>\n<meta property=\"og:url\" content=\"https:\/\/km0.energy\/es\/comunidades-energeticas\/\" \/>\n<meta property=\"og:site_name\" content=\"Km0 Energy\" \/>\n<meta property=\"article:modified_time\" content=\"2023-07-19T10:25:43+00:00\" \/>\n<meta name=\"twitter:card\" content=\"summary_large_image\" \/>\n<meta name=\"twitter:label1\" content=\"Tiempo de lectura\" \/>\n\t<meta name=\"twitter:data1\" content=\"2 minutos\" \/>\n<script type=\"application\/ld+json\" class=\"yoast-schema-graph\">{\"@context\":\"https:\\\/\\\/schema.org\",\"@graph\":[{\"@type\":\"WebPage\",\"@id\":\"https:\\\/\\\/km0.energy\\\/es\\\/comunidades-energeticas\\\/\",\"url\":\"https:\\\/\\\/km0.energy\\\/es\\\/comunidades-energeticas\\\/\",\"name\":\"Comunidades energ\u00e9ticas - Km0 Energy\",\"isPartOf\":{\"@id\":\"https:\\\/\\\/lightyellow-raccoon-590696.hostingersite.com\\\/#website\"},\"datePublished\":\"2021-10-26T12:51:57+00:00\",\"dateModified\":\"2023-07-19T10:25:43+00:00\",\"breadcrumb\":{\"@id\":\"https:\\\/\\\/km0.energy\\\/es\\\/comunidades-energeticas\\\/#breadcrumb\"},\"inLanguage\":\"es\",\"potentialAction\":[{\"@type\":\"ReadAction\",\"target\":[\"https:\\\/\\\/km0.energy\\\/es\\\/comunidades-energeticas\\\/\"]}]},{\"@type\":\"BreadcrumbList\",\"@id\":\"https:\\\/\\\/km0.energy\\\/es\\\/comunidades-energeticas\\\/#breadcrumb\",\"itemListElement\":[{\"@type\":\"ListItem\",\"position\":1,\"name\":\"Inici\",\"item\":\"https:\\\/\\\/km0.energy\\\/es\\\/home\\\/\"},{\"@type\":\"ListItem\",\"position\":2,\"name\":\"Comunidades energ\u00e9ticas\"}]},{\"@type\":\"WebSite\",\"@id\":\"https:\\\/\\\/lightyellow-raccoon-590696.hostingersite.com\\\/#website\",\"url\":\"https:\\\/\\\/lightyellow-raccoon-590696.hostingersite.com\\\/\",\"name\":\"Km0 Energy\",\"description\":\"Promotor energ\u00e8tic de proximitat\",\"potentialAction\":[{\"@type\":\"SearchAction\",\"target\":{\"@type\":\"EntryPoint\",\"urlTemplate\":\"https:\\\/\\\/lightyellow-raccoon-590696.hostingersite.com\\\/?s={search_term_string}\"},\"query-input\":{\"@type\":\"PropertyValueSpecification\",\"valueRequired\":true,\"valueName\":\"search_term_string\"}}],\"inLanguage\":\"es\"}]}<\/script>\n<!-- \/ Yoast SEO plugin. -->","yoast_head_json":{"title":"Comunidades energ\u00e9ticas - Km0 Energy","robots":{"index":"index","follow":"follow","max-snippet":"max-snippet:-1","max-image-preview":"max-image-preview:large","max-video-preview":"max-video-preview:-1"},"canonical":"https:\/\/km0.energy\/es\/comunidades-energeticas\/","og_locale":"es_ES","og_type":"article","og_title":"Comunidades energ\u00e9ticas - Km0 Energy","og_description":"\u00a1Ya tenemos m\u00e1s de 100 Comunidades Energ\u00e9ticas en marcha en Catalu\u00f1a! La transici\u00f3n energ\u00e9tica toma una nueva dimensi\u00f3n local donde los ayuntamientos y los entes p\u00fablicos juegan un papel indispensable. Las Comunidades Energ\u00e9ticas permiten la implicaci\u00f3n del mundo local en la transici\u00f3n energ\u00e9tica, generando y compartiendo energ\u00eda renovable y de proximidad, de modo que sus [&hellip;]","og_url":"https:\/\/km0.energy\/es\/comunidades-energeticas\/","og_site_name":"Km0 Energy","article_modified_time":"2023-07-19T10:25:43+00:00","twitter_card":"summary_large_image","twitter_misc":{"Tiempo de lectura":"2 minutos"},"schema":{"@context":"https:\/\/schema.org","@graph":[{"@type":"WebPage","@id":"https:\/\/km0.energy\/es\/comunidades-energeticas\/","url":"https:\/\/km0.energy\/es\/comunidades-energeticas\/","name":"Comunidades energ\u00e9ticas - Km0 Energy","isPartOf":{"@id":"https:\/\/lightyellow-raccoon-590696.hostingersite.com\/#website"},"datePublished":"2021-10-26T12:51:57+00:00","dateModified":"2023-07-19T10:25:43+00:00","breadcrumb":{"@id":"https:\/\/km0.energy\/es\/comunidades-energeticas\/#breadcrumb"},"inLanguage":"es","potentialAction":[{"@type":"ReadAction","target":["https:\/\/km0.energy\/es\/comunidades-energeticas\/"]}]},{"@type":"BreadcrumbList","@id":"https:\/\/km0.energy\/es\/comunidades-energeticas\/#breadcrumb","itemListElement":[{"@type":"ListItem","position":1,"name":"Inici","item":"https:\/\/km0.energy\/es\/home\/"},{"@type":"ListItem","position":2,"name":"Comunidades energ\u00e9ticas"}]},{"@type":"WebSite","@id":"https:\/\/lightyellow-raccoon-590696.hostingersite.com\/#website","url":"https:\/\/lightyellow-raccoon-590696.hostingersite.com\/","name":"Km0 Energy","description":"Promotor energ\u00e8tic de proximitat","potentialAction":[{"@type":"SearchAction","target":{"@type":"EntryPoint","urlTemplate":"https:\/\/lightyellow-raccoon-590696.hostingersite.com\/?s={search_term_string}"},"query-input":{"@type":"PropertyValueSpecification","valueRequired":true,"valueName":"search_term_string"}}],"inLanguage":"es"}]}},"_links":{"self":[{"href":"https:\/\/km0.energy\/es\/wp-json\/wp\/v2\/pages\/10780","targetHints":{"allow":["GET"]}}],"collection":[{"href":"https:\/\/km0.energy\/es\/wp-json\/wp\/v2\/pages"}],"about":[{"href":"https:\/\/km0.energy\/es\/wp-json\/wp\/v2\/types\/page"}],"author":[{"embeddable":true,"href":"https:\/\/km0.energy\/es\/wp-json\/wp\/v2\/users\/1"}],"replies":[{"embeddable":true,"href":"https:\/\/km0.energy\/es\/wp-json\/wp\/v2\/comments?post=10780"}],"version-history":[{"count":5,"href":"https:\/\/km0.energy\/es\/wp-json\/wp\/v2\/pages\/10780\/revisions"}],"predecessor-version":[{"id":10823,"href":"https:\/\/km0.energy\/es\/wp-json\/wp\/v2\/pages\/10780\/revisions\/10823"}],"wp:attachment":[{"href":"https:\/\/km0.energy\/es\/wp-json\/wp\/v2\/media?parent=10780"}],"curies":[{"name":"wp","href":"https:\/\/api.w.org\/{rel}","templated":true}]}}