{"id":10795,"date":"2020-02-03T16:24:06","date_gmt":"2020-02-03T14:24:06","guid":{"rendered":"http:\/\/km0.energy\/nova\/avis-legal\/"},"modified":"2023-09-28T15:17:39","modified_gmt":"2023-09-28T13:17:39","slug":"avis-legal","status":"publish","type":"page","link":"https:\/\/km0.energy\/en\/avis-legal\/","title":{"rendered":"Legal warning"},"content":{"rendered":"<p>Per donar compliment amb all\u00f2 establert a la Llei 34\/2002, de l\u201911 de Juliol, de serveis de la societat de la informaci\u00f3 i de comer\u00e7 electr\u00f2nic, a continuaci\u00f3 s\u2019indiquen les dades d\u2019informaci\u00f3 general d\u2019aquest lloc web:<\/p>\n<ul>\n<li style=\"text-align: left;\">Titular: Km0.energy SL<\/li>\n<li style=\"text-align: left;\">Adre\u00e7a: Lepant,43, 08223 Terrassa, Barcelona<\/li>\n<li style=\"text-align: left;\">Contacte: info@km0.energy<\/li>\n<li style=\"text-align: left;\">Tel\u00e8fon: +34 93 193 90 99<\/li>\n<li style=\"text-align: left;\">Dades registrals: Registro Mercantil de Barcelona, al Tomo 46.783, Folio 42 y Hoja 530756, Inscripci\u00f3n 1<\/li>\n<li style=\"text-align: left;\">NIF: B67378711<\/li>\n<\/ul>\n<p>Dades de les oficines de l\u2019empresa:<\/p>\n<ul>\n<li style=\"text-align: left;\">Adre\u00e7a: Lepant,43, 08223 Terrassa, Barcelona<\/li>\n<li style=\"text-align: left;\">Contacte: info@km0.energy<\/li>\n<li style=\"text-align: left;\">Tel\u00e8fon: +34 93 193 90 99<\/li>\n<\/ul>\n<p><strong>Objecte<\/strong><\/p>\n<p>Aquestes condicions generals (a partir d\u2019ara les \u201cCondicions Generals\u201d) regulen l\u2019\u00fas de tots els serveis d\u2019aquest lloc web (a partir d\u2019ara \u201cel Portal\u201d) que la companyia Km0.energy SL amb domicili a: Lepant,43, 08223 Terrassa, Barcelona (a partir d\u2019ara \u201cl\u2019Empresa\u201d) posa a disposici\u00f3 dels usuaris d\u2019Internet. Per la simple utilitzaci\u00f3 del Portal, els usuaris expressen la plena acceptaci\u00f3 sense reserves de les mateixes, les quals podran ser modificades per l\u2019Empresa en qualsevol moment. Els usuaris es veuen aix\u00ed mateix sotmesos a totes aquelles condicions particulars, avisos o reglaments d\u2019instruccions que es posin en el seu coneixement, en relaci\u00f3 amb continguts o serveis concrets, que contemplen all\u00f2 previst en aquestes Condicions Generals sempre i quan no s\u2019hi oposin.<\/p>\n<p><strong>Exclusi\u00f3 de responsabilitat sobre la informaci\u00f3 gr\u00e0fica disponible en el portal<\/strong><\/p>\n<p>Tota la documentaci\u00f3 gr\u00e0fica inclosa en aquesta p\u00e0gina web referent a les diferents promocions o b\u00e9ns immobles, \u00e9s simplement orientativa i est\u00e0 sotmesa a possibles canvis exigits per l\u2019evoluci\u00f3 t\u00e8cnica dels projectes i la seva execuci\u00f3. EN CAP CAS AQUESTA INFORMACI\u00d3 CONSTITUEIX DOCUMENT CONTRACTUAL.<\/p>\n<p><strong>Utilitzaci\u00f3 del portal i dels serveis per part dels usuaris<\/strong><\/p>\n<p>Excepte en el cas que hagin obtingut pr\u00e8via i expressa autoritzaci\u00f3 espec\u00edficament atorgada a tal efecte per part de l\u2019Empresa, els usuaris s\u2019abstindran d\u2019obtenir o d\u2019intentar obtenir qualsevol tipus de continguts, ja siguin textos, gr\u00e0fics, dibuixos, arxius de so, imatges o fotografies, v\u00eddeos, programari i, en general, qualsevol classe de material accessible a trav\u00e9s del Portal o dels serveis emprats per ells, amb mitjans diferents dels que s\u2019hagin posat a llur disposici\u00f3 a aquest efecte o dels que s\u2019emprin habitualment a aquest efecte a Internet.<\/p>\n<p><strong>Exclusi\u00f3 de responsabilitat dels continguts<\/strong><\/p>\n<p>L\u2019Empresa no \u00e9s en cap cas responsable, ni de forma directa ni subsidi\u00e0ria, per cap contingut, informaci\u00f3, comunicaci\u00f3, opini\u00f3 o manifestaci\u00f3 de qualsevol tipus que tingui el seu origen en l\u2019usuari o qualsevol persona o entitat i que es comuniqui, difongui, trameti o exhibeixi a trav\u00e9s dels serveis del Portal.<\/p>\n<p><strong>Propietat intel\u00b7lectual i industrial<\/strong><\/p>\n<p>Tots els continguts aix\u00ed com noms, logos, marques i bases de dades accessibles en les p\u00e0gines web del Portal estan subjectes a drets de propietat industrial i intel\u00b7lectual de l\u2019empresa o de tercers titulars dels mateixos. En cap cas l\u2019acc\u00e9s a les p\u00e0gines web del Portal implica cap tipus de ren\u00fancia, transmissi\u00f3 o cessi\u00f3 total o parcial dels mencionats drets, ni conferir cap dret d\u2019utilitzaci\u00f3, alteraci\u00f3, explotaci\u00f3, reproducci\u00f3, distribuci\u00f3 o comunicaci\u00f3 p\u00fablica sobre els continguts o b\u00e9ns de propietat industrial sense la pr\u00e8via i expressa autoritzaci\u00f3 espec\u00edficament atorgada a tal efecte per part de l\u2019empresa o del tercer titular dels drets, excepte els drets de visualitzar i de realitzar c\u00f2pies per a l\u2019\u00fas personal i exclusiu de l\u2019usuari, els quals hauran d\u2019exercir sempre conforme als principis de la bona fe i la legislaci\u00f3 aplicable.<\/p>\n<p><strong>Protecci\u00f3 de dades<\/strong><\/p>\n<p>Mitjan\u00e7ant el present Av\u00eds Legal i d\u2019acord amb el que estableix la Llei Org\u00e0nica 15\/1999, de Protecci\u00f3 de Dades de Car\u00e0cter Personal, l\u2019Empresa avisa els usuaris de la seva pol\u00edtica de protecci\u00f3 de dades, per tal que aquests determinin lliure i volunt\u00e0riament si desitgen facilitar les dades personals que se li puguin requerir amb ocasi\u00f3 de la subscripci\u00f3 o alta en alguns dels serveis oferts. Excepte en els camps en qu\u00e8 s\u2019indiqui el contrari, les respostes a les preguntes sobre dades personals s\u00f3n volunt\u00e0ries. Les dades personals recollides seran tractades de forma secreta i confidencial i la seva recollida t\u00e9 com a finalitat la gesti\u00f3 i prestaci\u00f3 dels serveis oferts per l\u2019Empresa en el Portal en cada moment. Els usuaris accepten que les dades personals facilitades puguin ser objecte de tractament en fitxers automatitzats titularitat i responsabilitat de l\u2019Empresa. Els usuaris poden exercir el seu dret d\u2019acc\u00e9s, rectificaci\u00f3, cancel\u00b7laci\u00f3 i oposici\u00f3 a: Km0.energy SL, Lepant,43, 08223 Terrassa, Barcelona.<\/p>\n<p><strong>Llei aplicable i fur<\/strong><\/p>\n<p>Aquestes Condicions Generals es regiran per la llei espanyola. Per a qualsevol controv\u00e8rsia que pugui derivar-se de l\u2019aplicaci\u00f3 dels serveis o interpretaci\u00f3 o aplicaci\u00f3 de les Condicions Generals, l\u2019Empresa i els usuaris, amb ren\u00fancia expressa al seu fur propi, es sotmeten al dels Jutjats i Tribunals de Sabadell.<\/p>\n","protected":false},"excerpt":{"rendered":"<p>Per donar compliment amb all\u00f2 establert a la Llei 34\/2002, de l\u201911 de Juliol, de serveis de la societat de la informaci\u00f3 i de comer\u00e7 electr\u00f2nic, a continuaci\u00f3 s\u2019indiquen les dades d\u2019informaci\u00f3 general d\u2019aquest lloc web: Titular: Km0.energy SL Adre\u00e7a: Lepant,43, 08223 Terrassa, Barcelona Contacte: info@km0.energy Tel\u00e8fon: +34 93 193 90 99 Dades registrals: Registro [&hellip;]<\/p>\n","protected":false},"author":1,"featured_media":0,"parent":0,"menu_order":0,"comment_status":"closed","ping_status":"closed","template":"page-legal.php","meta":{"_acf_changed":false,"footnotes":""},"class_list":["post-10795","page","type-page","status-publish","hentry"],"acf":[],"yoast_head":"<!-- This site is optimized with the Yoast SEO plugin v27.3 - https:\/\/yoast.com\/product\/yoast-seo-wordpress\/ -->\n<title>Legal warning - Km0 Energy<\/title>\n<meta name=\"robots\" content=\"index, follow, max-snippet:-1, max-image-preview:large, max-video-preview:-1\" \/>\n<link rel=\"canonical\" href=\"https:\/\/km0.energy\/en\/avis-legal\/\" \/>\n<meta property=\"og:locale\" content=\"en_US\" \/>\n<meta property=\"og:type\" content=\"article\" \/>\n<meta property=\"og:title\" content=\"Legal warning - Km0 Energy\" \/>\n<meta property=\"og:description\" content=\"Per donar compliment amb all\u00f2 establert a la Llei 34\/2002, de l\u201911 de Juliol, de serveis de la societat de la informaci\u00f3 i de comer\u00e7 electr\u00f2nic, a continuaci\u00f3 s\u2019indiquen les dades d\u2019informaci\u00f3 general d\u2019aquest lloc web: Titular: Km0.energy SL Adre\u00e7a: Lepant,43, 08223 Terrassa, Barcelona Contacte: info@km0.energy Tel\u00e8fon: +34 93 193 90 99 Dades registrals: Registro [&hellip;]\" \/>\n<meta property=\"og:url\" content=\"https:\/\/km0.energy\/en\/avis-legal\/\" \/>\n<meta property=\"og:site_name\" content=\"Km0 Energy\" \/>\n<meta property=\"article:modified_time\" content=\"2023-09-28T13:17:39+00:00\" \/>\n<meta name=\"twitter:card\" content=\"summary_large_image\" \/>\n<meta name=\"twitter:label1\" content=\"Est. reading time\" \/>\n\t<meta name=\"twitter:data1\" content=\"4 minutes\" \/>\n<script type=\"application\/ld+json\" class=\"yoast-schema-graph\">{\"@context\":\"https:\\\/\\\/schema.org\",\"@graph\":[{\"@type\":\"WebPage\",\"@id\":\"https:\\\/\\\/km0.energy\\\/en\\\/avis-legal\\\/\",\"url\":\"https:\\\/\\\/km0.energy\\\/en\\\/avis-legal\\\/\",\"name\":\"Legal warning - Km0 Energy\",\"isPartOf\":{\"@id\":\"https:\\\/\\\/lightyellow-raccoon-590696.hostingersite.com\\\/#website\"},\"datePublished\":\"2020-02-03T14:24:06+00:00\",\"dateModified\":\"2023-09-28T13:17:39+00:00\",\"breadcrumb\":{\"@id\":\"https:\\\/\\\/km0.energy\\\/en\\\/avis-legal\\\/#breadcrumb\"},\"inLanguage\":\"en-US\",\"potentialAction\":[{\"@type\":\"ReadAction\",\"target\":[\"https:\\\/\\\/km0.energy\\\/en\\\/avis-legal\\\/\"]}]},{\"@type\":\"BreadcrumbList\",\"@id\":\"https:\\\/\\\/km0.energy\\\/en\\\/avis-legal\\\/#breadcrumb\",\"itemListElement\":[{\"@type\":\"ListItem\",\"position\":1,\"name\":\"Inici\",\"item\":\"https:\\\/\\\/km0.energy\\\/en\\\/home\\\/\"},{\"@type\":\"ListItem\",\"position\":2,\"name\":\"Legal warning\"}]},{\"@type\":\"WebSite\",\"@id\":\"https:\\\/\\\/lightyellow-raccoon-590696.hostingersite.com\\\/#website\",\"url\":\"https:\\\/\\\/lightyellow-raccoon-590696.hostingersite.com\\\/\",\"name\":\"Km0 Energy\",\"description\":\"Promotor energ\u00e8tic de proximitat\",\"potentialAction\":[{\"@type\":\"SearchAction\",\"target\":{\"@type\":\"EntryPoint\",\"urlTemplate\":\"https:\\\/\\\/lightyellow-raccoon-590696.hostingersite.com\\\/?s={search_term_string}\"},\"query-input\":{\"@type\":\"PropertyValueSpecification\",\"valueRequired\":true,\"valueName\":\"search_term_string\"}}],\"inLanguage\":\"en-US\"}]}<\/script>\n<!-- \/ Yoast SEO plugin. -->","yoast_head_json":{"title":"Legal warning - Km0 Energy","robots":{"index":"index","follow":"follow","max-snippet":"max-snippet:-1","max-image-preview":"max-image-preview:large","max-video-preview":"max-video-preview:-1"},"canonical":"https:\/\/km0.energy\/en\/avis-legal\/","og_locale":"en_US","og_type":"article","og_title":"Legal warning - Km0 Energy","og_description":"Per donar compliment amb all\u00f2 establert a la Llei 34\/2002, de l\u201911 de Juliol, de serveis de la societat de la informaci\u00f3 i de comer\u00e7 electr\u00f2nic, a continuaci\u00f3 s\u2019indiquen les dades d\u2019informaci\u00f3 general d\u2019aquest lloc web: Titular: Km0.energy SL Adre\u00e7a: Lepant,43, 08223 Terrassa, Barcelona Contacte: info@km0.energy Tel\u00e8fon: +34 93 193 90 99 Dades registrals: Registro [&hellip;]","og_url":"https:\/\/km0.energy\/en\/avis-legal\/","og_site_name":"Km0 Energy","article_modified_time":"2023-09-28T13:17:39+00:00","twitter_card":"summary_large_image","twitter_misc":{"Est. reading time":"4 minutes"},"schema":{"@context":"https:\/\/schema.org","@graph":[{"@type":"WebPage","@id":"https:\/\/km0.energy\/en\/avis-legal\/","url":"https:\/\/km0.energy\/en\/avis-legal\/","name":"Legal warning - Km0 Energy","isPartOf":{"@id":"https:\/\/lightyellow-raccoon-590696.hostingersite.com\/#website"},"datePublished":"2020-02-03T14:24:06+00:00","dateModified":"2023-09-28T13:17:39+00:00","breadcrumb":{"@id":"https:\/\/km0.energy\/en\/avis-legal\/#breadcrumb"},"inLanguage":"en-US","potentialAction":[{"@type":"ReadAction","target":["https:\/\/km0.energy\/en\/avis-legal\/"]}]},{"@type":"BreadcrumbList","@id":"https:\/\/km0.energy\/en\/avis-legal\/#breadcrumb","itemListElement":[{"@type":"ListItem","position":1,"name":"Inici","item":"https:\/\/km0.energy\/en\/home\/"},{"@type":"ListItem","position":2,"name":"Legal warning"}]},{"@type":"WebSite","@id":"https:\/\/lightyellow-raccoon-590696.hostingersite.com\/#website","url":"https:\/\/lightyellow-raccoon-590696.hostingersite.com\/","name":"Km0 Energy","description":"Promotor energ\u00e8tic de proximitat","potentialAction":[{"@type":"SearchAction","target":{"@type":"EntryPoint","urlTemplate":"https:\/\/lightyellow-raccoon-590696.hostingersite.com\/?s={search_term_string}"},"query-input":{"@type":"PropertyValueSpecification","valueRequired":true,"valueName":"search_term_string"}}],"inLanguage":"en-US"}]}},"_links":{"self":[{"href":"https:\/\/km0.energy\/en\/wp-json\/wp\/v2\/pages\/10795","targetHints":{"allow":["GET"]}}],"collection":[{"href":"https:\/\/km0.energy\/en\/wp-json\/wp\/v2\/pages"}],"about":[{"href":"https:\/\/km0.energy\/en\/wp-json\/wp\/v2\/types\/page"}],"author":[{"embeddable":true,"href":"https:\/\/km0.energy\/en\/wp-json\/wp\/v2\/users\/1"}],"replies":[{"embeddable":true,"href":"https:\/\/km0.energy\/en\/wp-json\/wp\/v2\/comments?post=10795"}],"version-history":[{"count":1,"href":"https:\/\/km0.energy\/en\/wp-json\/wp\/v2\/pages\/10795\/revisions"}],"predecessor-version":[{"id":11267,"href":"https:\/\/km0.energy\/en\/wp-json\/wp\/v2\/pages\/10795\/revisions\/11267"}],"wp:attachment":[{"href":"https:\/\/km0.energy\/en\/wp-json\/wp\/v2\/media?parent=10795"}],"curies":[{"name":"wp","href":"https:\/\/api.w.org\/{rel}","templated":true}]}}